{"id":2257,"date":"2019-12-04T10:02:20","date_gmt":"2019-12-04T09:02:20","guid":{"rendered":"https:\/\/www.ammann-components.com\/systemlieferant\/"},"modified":"2025-05-21T09:55:13","modified_gmt":"2025-05-21T07:55:13","slug":"system-supplier","status":"publish","type":"page","link":"https:\/\/www.ammann-components.com\/en\/system-supplier\/","title":{"rendered":"System Supplier"},"content":{"rendered":"<div id=\"pl-20\"  class=\"panel-layout\" >\n<div id=\"pg-20-0\"  class=\"panel-grid panel-no-style\"  data-style=\"{&quot;background_image_size&quot;:&quot;full&quot;,&quot;background_image_opacity&quot;:&quot;100&quot;,&quot;border_thickness&quot;:&quot;1px&quot;,&quot;full_height&quot;:&quot;&quot;,&quot;cell_alignment&quot;:&quot;flex-start&quot;,&quot;vertical_gutter&quot;:&quot;default&quot;,&quot;background_image&quot;:false,&quot;background_image_position&quot;:&quot;center top&quot;,&quot;background_image_style&quot;:&quot;cover&quot;,&quot;row_separator&quot;:&quot;none&quot;}\" >\n<div id=\"pgc-20-0-0\"  class=\"panel-grid-cell\"  data-weight=\"0.431014492754\" >\n<div id=\"panel-20-0-0-0\" class=\"so-panel widget widget_sow-editor panel-first-child panel-last-child\" data-index=\"0\" data-style=\"{&quot;background_image_attachment&quot;:false,&quot;background_display&quot;:&quot;tile&quot;,&quot;background_image_size&quot;:&quot;full&quot;,&quot;background_image_opacity&quot;:&quot;100&quot;,&quot;border_thickness&quot;:&quot;1px&quot;,&quot;kt_animation_type&quot;:&quot;fadeIn&quot;,&quot;kt_animation_duration&quot;:&quot;default&quot;,&quot;kt_animation_delay&quot;:&quot;default&quot;}\" >\n<div class=\"kt-pb-animation kt-pb-fadeIn kt-pb-duration-900 kt-pb-delay- panel-widget-style panel-widget-style-for-20-0-0-0\" >\n<div\n\t\t\t\n\t\t\tclass=\"so-widget-sow-editor so-widget-sow-editor-base\"\n\t\t\t\n\t\t><\/p>\n<div class=\"siteorigin-widget-tinymce textwidget\">\n<p>&nbsp;<\/p>\n<blockquote>\n<p>Kundenspezifische Komplettl\u00f6sungen in Serienproduktion<\/p>\n<\/blockquote>\n<p><strong>AMMANN Components<\/strong> bietet kundenspezifische Komplettl\u00f6sungen in Serienproduktion. Wir liefern einbaufertige mechanische Komponenten und Teilbaugruppen.<\/p>\n<\/div>\n<\/div>\n<\/div>\n<\/div>\n<\/div>\n<div id=\"pgc-20-0-1\"  class=\"panel-grid-cell\"  data-weight=\"0.568985507246\" >\n<div id=\"panel-20-0-1-0\" class=\"so-panel widget widget_sow-editor panel-first-child panel-last-child\" data-index=\"1\" data-style=\"{&quot;background_image_attachment&quot;:false,&quot;background_display&quot;:&quot;tile&quot;,&quot;background_image_size&quot;:&quot;full&quot;,&quot;background_image_opacity&quot;:&quot;100&quot;,&quot;border_thickness&quot;:&quot;1px&quot;,&quot;kt_animation_duration&quot;:&quot;default&quot;,&quot;kt_animation_delay&quot;:&quot;default&quot;}\" >\n<div\n\t\t\t\n\t\t\tclass=\"so-widget-sow-editor so-widget-sow-editor-base\"\n\t\t\t\n\t\t><\/p>\n<div class=\"siteorigin-widget-tinymce textwidget\">\n<p style=\"text-align: center;\"><a href=\"https:\/\/www.ammann-components.com\/wp-content\/uploads\/0400220-AMMANN-Systemlieferant.jpg\"><img decoding=\"async\" class=\"alignright wp-image-1891\" src=\"https:\/\/www.ammann-components.com\/wp-content\/uploads\/0400220-AMMANN-Systemlieferant-1024x1024.jpg\" alt=\"\" width=\"560\" height=\"560\" srcset=\"https:\/\/www.ammann-components.com\/wp-content\/uploads\/0400220-AMMANN-Systemlieferant-1024x1024.jpg 1024w, https:\/\/www.ammann-components.com\/wp-content\/uploads\/0400220-AMMANN-Systemlieferant-300x300.jpg 300w, https:\/\/www.ammann-components.com\/wp-content\/uploads\/0400220-AMMANN-Systemlieferant-150x150.jpg 150w, https:\/\/www.ammann-components.com\/wp-content\/uploads\/0400220-AMMANN-Systemlieferant-768x768.jpg 768w, https:\/\/www.ammann-components.com\/wp-content\/uploads\/0400220-AMMANN-Systemlieferant-1536x1536.jpg 1536w, https:\/\/www.ammann-components.com\/wp-content\/uploads\/0400220-AMMANN-Systemlieferant.jpg 2000w\" sizes=\"(max-width: 560px) 100vw, 560px\" \/><\/a><\/p>\n<\/div>\n<\/div>\n<\/div>\n<\/div>\n<\/div>\n<div id=\"pg-20-1\"  class=\"panel-grid panel-no-style\"  data-style=\"{&quot;background_image_size&quot;:&quot;full&quot;,&quot;background_image_opacity&quot;:&quot;100&quot;,&quot;border_thickness&quot;:&quot;1px&quot;,&quot;full_height&quot;:&quot;&quot;,&quot;cell_alignment&quot;:&quot;flex-start&quot;,&quot;vertical_gutter&quot;:&quot;default&quot;,&quot;background_image&quot;:false,&quot;background_image_position&quot;:&quot;center top&quot;,&quot;background_image_style&quot;:&quot;cover&quot;,&quot;row_separator&quot;:&quot;none&quot;}\" >\n<div id=\"pgc-20-1-0\"  class=\"panel-grid-cell panel-grid-cell-empty\"  data-weight=\"1\" ><\/div>\n<\/div>\n<div id=\"pg-20-2\"  class=\"panel-grid panel-no-style\"  data-style=\"{&quot;full_height&quot;:&quot;&quot;,&quot;cell_alignment&quot;:&quot;flex-start&quot;,&quot;vertical_gutter&quot;:&quot;default&quot;,&quot;background_image&quot;:false,&quot;background_image_position&quot;:&quot;center top&quot;,&quot;background_image_style&quot;:&quot;cover&quot;,&quot;row_separator&quot;:&quot;none&quot;}\" >\n<div id=\"pgc-20-2-0\"  class=\"panel-grid-cell\"  data-weight=\"0.5\" >\n<div id=\"panel-20-2-0-0\" class=\"so-panel widget widget_sow-editor panel-first-child\" data-index=\"2\" data-style=\"{&quot;background_image_attachment&quot;:false,&quot;background_display&quot;:&quot;tile&quot;,&quot;kt_animation_type&quot;:&quot;fadeIn&quot;,&quot;kt_animation_duration&quot;:&quot;default&quot;,&quot;kt_animation_delay&quot;:&quot;default&quot;}\" >\n<div class=\"kt-pb-animation kt-pb-fadeIn kt-pb-duration-900 kt-pb-delay- panel-widget-style panel-widget-style-for-20-2-0-0\" >\n<div\n\t\t\t\n\t\t\tclass=\"so-widget-sow-editor so-widget-sow-editor-base\"\n\t\t\t\n\t\t><\/p>\n<div class=\"siteorigin-widget-tinymce textwidget\">\n<div class=\"kt-simple-box\" style=\"background-color:rgba(247, 247, 247, 1); min-height:200px; padding-top:20px; padding-bottom:0px; padding-left:20px; padding-right:20px; \">\n<div class=\"kt-simple-box-inner\">\n<blockquote>\n<p>Alles aus einer Hand<\/p>\n<\/blockquote>\n<p>W\u00e4rmebehandelt, einbaufertig bearbeitet, beschichtet, gepr\u00fcft und wenn gew\u00fcnscht montiert.<\/p>\n<\/div>\n<\/div>\n<\/div>\n<\/div>\n<\/div>\n<\/div>\n<div id=\"panel-20-2-0-1\" class=\"so-panel widget widget_sow-editor panel-last-child\" data-index=\"3\" data-style=\"{&quot;background_image_attachment&quot;:false,&quot;background_display&quot;:&quot;tile&quot;,&quot;kt_animation_type&quot;:&quot;fadeIn&quot;,&quot;kt_animation_duration&quot;:&quot;default&quot;,&quot;kt_animation_delay&quot;:&quot;default&quot;}\" >\n<div class=\"kt-pb-animation kt-pb-fadeIn kt-pb-duration-900 kt-pb-delay- panel-widget-style panel-widget-style-for-20-2-0-1\" >\n<div\n\t\t\t\n\t\t\tclass=\"so-widget-sow-editor so-widget-sow-editor-base\"\n\t\t\t\n\t\t><\/p>\n<div class=\"siteorigin-widget-tinymce textwidget\">\n<div class=\"kt-simple-box\" style=\"background-color:rgba(247, 247, 247, 1); min-height:200px; padding-top:20px; padding-bottom:0px; padding-left:20px; padding-right:20px; \">\n<div class=\"kt-simple-box-inner\">\n<blockquote>\n<p>Best\u00e4ndigkeit<\/p>\n<\/blockquote>\n<p>Unsere namhaften und langj\u00e4hrigen Kunden vertrauen auf uns &#8211; vielfach bewiesen durch Single-Sourcing-L\u00f6sungen.<\/p>\n<\/div>\n<\/div>\n<\/div>\n<\/div>\n<\/div>\n<\/div>\n<\/div>\n<div id=\"pgc-20-2-1\"  class=\"panel-grid-cell\"  data-weight=\"0.5\" >\n<div id=\"panel-20-2-1-0\" class=\"so-panel widget widget_sow-editor panel-first-child\" data-index=\"4\" data-style=\"{&quot;background_image_attachment&quot;:false,&quot;background_display&quot;:&quot;tile&quot;,&quot;kt_animation_type&quot;:&quot;fadeIn&quot;,&quot;kt_animation_duration&quot;:&quot;default&quot;,&quot;kt_animation_delay&quot;:&quot;default&quot;}\" >\n<div class=\"kt-pb-animation kt-pb-fadeIn kt-pb-duration-900 kt-pb-delay- panel-widget-style panel-widget-style-for-20-2-1-0\" >\n<div\n\t\t\t\n\t\t\tclass=\"so-widget-sow-editor so-widget-sow-editor-base\"\n\t\t\t\n\t\t><\/p>\n<div class=\"siteorigin-widget-tinymce textwidget\">\n<div class=\"kt-simple-box\" style=\"background-color:rgba(247, 247, 247, 1); min-height:200px; padding-top:20px; padding-bottom:0px; padding-left:20px; padding-right:20px; \">\n<div class=\"kt-simple-box-inner\">\n<blockquote>\n<p>Beschaffung &amp; Logistik<\/p>\n<\/blockquote>\n<p>Wir sind Ihr verl\u00e4sslicher, hochproduktiver und leistungsstarker Partner f\u00fcr die Beschaffung von hochwertigen Bauteilen als Basis f\u00fcr unsere Weiterverarbeitung. Unsere gezielt ausgew\u00e4hlten Lieferanten arbeiten eng mit uns zusammen und werden regelm\u00e4ssig auditiert.<\/p>\n<\/div>\n<\/div>\n<\/div>\n<\/div>\n<\/div>\n<\/div>\n<div id=\"panel-20-2-1-1\" class=\"so-panel widget widget_sow-editor panel-last-child\" data-index=\"5\" data-style=\"{&quot;background_image_attachment&quot;:false,&quot;background_display&quot;:&quot;tile&quot;,&quot;kt_animation_type&quot;:&quot;fadeIn&quot;,&quot;kt_animation_duration&quot;:&quot;default&quot;,&quot;kt_animation_delay&quot;:&quot;default&quot;}\" >\n<div class=\"kt-pb-animation kt-pb-fadeIn kt-pb-duration-900 kt-pb-delay- panel-widget-style panel-widget-style-for-20-2-1-1\" >\n<div\n\t\t\t\n\t\t\tclass=\"so-widget-sow-editor so-widget-sow-editor-base\"\n\t\t\t\n\t\t><\/p>\n<div class=\"siteorigin-widget-tinymce textwidget\">\n<div class=\"kt-simple-box\" style=\"background-color:rgba(247, 247, 247, 1); min-height:200px; padding-top:20px; padding-bottom:0px; padding-left:20px; padding-right:20px; \">\n<div class=\"kt-simple-box-inner\">\n<blockquote>\n<p>Referenzen<\/p>\n<\/blockquote>\n<p>Gerne pr\u00e4sentieren wir Ihnen unsere Referenzprojekte. Fragen Sie uns direkt an!<\/p>\n<\/div>\n<\/div>\n<\/div>\n<\/div>\n<\/div>\n<\/div>\n<\/div>\n<\/div>\n<div id=\"pg-20-3\"  class=\"panel-grid panel-no-style\" >\n<div id=\"pgc-20-3-0\"  class=\"panel-grid-cell\"  data-weight=\"1\" >\n<div id=\"panel-20-3-0-0\" class=\"so-panel widget widget_sow-editor panel-first-child panel-last-child\" data-index=\"6\" data-style=\"{&quot;background_image_attachment&quot;:false,&quot;background_display&quot;:&quot;tile&quot;,&quot;kt_animation_type&quot;:&quot;fadeIn&quot;,&quot;kt_animation_duration&quot;:&quot;default&quot;,&quot;kt_animation_delay&quot;:&quot;default&quot;}\" >\n<div class=\"kt-pb-animation kt-pb-fadeIn kt-pb-duration-900 kt-pb-delay- panel-widget-style panel-widget-style-for-20-3-0-0\" >\n<div\n\t\t\t\n\t\t\tclass=\"so-widget-sow-editor so-widget-sow-editor-base\"\n\t\t\t\n\t\t><\/p>\n<div class=\"siteorigin-widget-tinymce textwidget\">\n<ul>\n<li>Einbaufertige Komponenten und Baugruppen inkl. Beschichtungen und\/oder Vormontagen<\/li>\n<li>Beschaffung von Halbzeugen, Rohlingen und erg\u00e4nzenden Leistungen (z. B. spezielle Oberfl\u00e4chen)<\/li>\n<li>Qualit\u00e4tsverantwortung f\u00fcr gesamtes System<\/li>\n<li>Garantierte R\u00fcckverfolgbarkeit \u00fcber gesamte Prozesskette<\/li>\n<li>Schmiedeteile aus Stahl- oder Aluminiumlegierungen<\/li>\n<li>Bearbeitete Schweisskonstruktionen<br \/>\n(auch f\u00fcr Sicherheitsrelevante Bauteile)<\/li>\n<li>Vormontierte Baugruppen oder Teilbaugruppen<\/li>\n<\/ul>\n<\/div>\n<\/div>\n<\/div>\n<\/div>\n<\/div>\n<\/div>\n<div id=\"pg-20-4\"  class=\"panel-grid panel-no-style\"  data-style=\"{&quot;background_image_size&quot;:&quot;full&quot;,&quot;border_thickness&quot;:&quot;1px&quot;,&quot;full_height&quot;:&quot;&quot;,&quot;cell_alignment&quot;:&quot;flex-start&quot;,&quot;vertical_gutter&quot;:&quot;default&quot;,&quot;background_image&quot;:false,&quot;background_image_position&quot;:&quot;center top&quot;,&quot;background_image_style&quot;:&quot;cover&quot;,&quot;row_separator&quot;:&quot;none&quot;}\" >\n<div id=\"pgc-20-4-0\"  class=\"panel-grid-cell\"  data-weight=\"1\" >\n<div id=\"panel-20-4-0-0\" class=\"so-panel widget widget_custom_html panel-first-child panel-last-child\" data-index=\"7\" data-style=\"{&quot;background_image_attachment&quot;:false,&quot;background_display&quot;:&quot;tile&quot;,&quot;background_image_size&quot;:&quot;full&quot;,&quot;border_thickness&quot;:&quot;1px&quot;,&quot;kt_animation_duration&quot;:&quot;default&quot;,&quot;kt_animation_delay&quot;:&quot;default&quot;}\" ><div class=\"textwidget custom-html-widget\">&lt;div class=&quot;yt-container&quot;&gt;&lt;iframe width=&quot;560&quot; height=&quot;315&quot; src=&quot;https:\/\/www.youtube-nocookie.com\/embed\/2BJxtQ2Fx84?loop=1&amp;modestbranding=1&amp;rel=0&amp;iv_load_policy=3&amp;playlist=2BJxtQ2Fx84&quot; title=&quot;YouTube video player&quot; frameborder=&quot;0&quot; allow=&quot;accelerometer; autoplay; clipboard-write; encrypted-media; gyroscope; picture-in-picture; web-share&quot; allowfullscreen&gt;&lt;\/iframe&gt;&lt;\/div&gt;<\/div><\/div>\n<\/div>\n<\/div>\n<div id=\"pg-20-5\"  class=\"panel-grid panel-no-style\"  data-style=\"{&quot;full_height&quot;:&quot;&quot;,&quot;cell_alignment&quot;:&quot;flex-start&quot;,&quot;vertical_gutter&quot;:&quot;default&quot;,&quot;background_image&quot;:false,&quot;background_image_position&quot;:&quot;center top&quot;,&quot;background_image_style&quot;:&quot;cover&quot;,&quot;row_separator&quot;:&quot;none&quot;}\" >\n<div id=\"pgc-20-5-0\"  class=\"panel-grid-cell\"  data-weight=\"1\" >\n<div id=\"panel-20-5-0-0\" class=\"so-panel widget widget_sow-editor panel-first-child panel-last-child\" data-index=\"8\" data-style=\"{&quot;background_image_attachment&quot;:false,&quot;background_display&quot;:&quot;tile&quot;,&quot;kt_animation_type&quot;:&quot;fadeIn&quot;,&quot;kt_animation_duration&quot;:&quot;default&quot;,&quot;kt_animation_delay&quot;:&quot;default&quot;}\" >\n<div class=\"kt-pb-animation kt-pb-fadeIn kt-pb-duration-900 kt-pb-delay- panel-widget-style panel-widget-style-for-20-5-0-0\" >\n<div\n\t\t\t\n\t\t\tclass=\"so-widget-sow-editor so-widget-sow-editor-base\"\n\t\t\t\n\t\t><\/p>\n<div class=\"siteorigin-widget-tinymce textwidget\">\n<p>&nbsp;<\/p>\n<blockquote>\n<p>Effizienz durch strategische Partnerschaften in der Supply Chain<\/p>\n<\/blockquote>\n<\/div>\n<\/div>\n<\/div>\n<\/div>\n<\/div>\n<\/div>\n<div id=\"pg-20-6\"  class=\"panel-grid panel-no-style\"  data-style=\"{&quot;full_height&quot;:&quot;&quot;,&quot;cell_alignment&quot;:&quot;flex-start&quot;,&quot;vertical_gutter&quot;:&quot;default&quot;,&quot;background_image&quot;:false,&quot;background_image_position&quot;:&quot;center top&quot;,&quot;background_image_style&quot;:&quot;cover&quot;,&quot;row_separator&quot;:&quot;none&quot;}\" >\n<div id=\"pgc-20-6-0\"  class=\"panel-grid-cell\"  data-weight=\"0.333333333333\" >\n<div id=\"panel-20-6-0-0\" class=\"so-panel widget widget_sow-editor panel-first-child panel-last-child\" data-index=\"9\" data-style=\"{&quot;background_image_attachment&quot;:false,&quot;background_display&quot;:&quot;tile&quot;,&quot;kt_animation_type&quot;:&quot;fadeIn&quot;,&quot;kt_animation_duration&quot;:&quot;default&quot;,&quot;kt_animation_delay&quot;:&quot;default&quot;}\" >\n<div class=\"kt-pb-animation kt-pb-fadeIn kt-pb-duration-900 kt-pb-delay- panel-widget-style panel-widget-style-for-20-6-0-0\" >\n<div\n\t\t\t\n\t\t\tclass=\"so-widget-sow-editor so-widget-sow-editor-base\"\n\t\t\t\n\t\t><\/p>\n<div class=\"siteorigin-widget-tinymce textwidget\">\n<p><strong>Fr\u00fchzeitige Auswahl potentieller<br \/>\nLieferanten erm\u00f6glichen:<\/strong><\/p>\n<ul>\n<li>Vermeidung aufwendiger Anpassungs- und Freigabeschleifen<\/li>\n<li>Fr\u00fches Erreichen des fertigungsgerechten Designs<\/li>\n<li>Kostenoptimierte Herstellung<\/li>\n<li>Verk\u00fcrzung der Entwicklungs- und \u00abtime to market\u00bb-Zeit<\/li>\n<\/ul>\n<\/div>\n<\/div>\n<\/div>\n<\/div>\n<\/div>\n<div id=\"pgc-20-6-1\"  class=\"panel-grid-cell\"  data-weight=\"0.333333333333\" >\n<div id=\"panel-20-6-1-0\" class=\"so-panel widget widget_sow-editor panel-first-child panel-last-child\" data-index=\"10\" data-style=\"{&quot;background_image_attachment&quot;:false,&quot;background_display&quot;:&quot;tile&quot;,&quot;kt_animation_type&quot;:&quot;fadeIn&quot;,&quot;kt_animation_duration&quot;:&quot;default&quot;,&quot;kt_animation_delay&quot;:&quot;default&quot;}\" >\n<div class=\"kt-pb-animation kt-pb-fadeIn kt-pb-duration-900 kt-pb-delay- panel-widget-style panel-widget-style-for-20-6-1-0\" >\n<div\n\t\t\t\n\t\t\tclass=\"so-widget-sow-editor so-widget-sow-editor-base\"\n\t\t\t\n\t\t><\/p>\n<div class=\"siteorigin-widget-tinymce textwidget\">\n<p><strong>St\u00e4rkung der Entwicklungs-<br \/>\nund Innovationskraft:<\/strong><\/p>\n<ul>\n<li>Auswahl optimal geeigneter Fertigungstechnologien<\/li>\n<li>Beurteilung der Werkstoffauswahl in Bezug auf Anforderungskatalog, Herstellkosten, Gestaltungsm\u00f6glichkeiten, Verarbeitbarkeit<\/li>\n<li>Erfahrungen aus fremden Branchen und Anwendungsbereichen: Synergien werden nutzbar<\/li>\n<\/ul>\n<\/div>\n<\/div>\n<\/div>\n<\/div>\n<\/div>\n<div id=\"pgc-20-6-2\"  class=\"panel-grid-cell\"  data-weight=\"0.333333333333\" >\n<div id=\"panel-20-6-2-0\" class=\"so-panel widget widget_sow-editor panel-first-child panel-last-child\" data-index=\"11\" data-style=\"{&quot;background_image_attachment&quot;:false,&quot;background_display&quot;:&quot;tile&quot;,&quot;kt_animation_type&quot;:&quot;fadeIn&quot;,&quot;kt_animation_duration&quot;:&quot;default&quot;,&quot;kt_animation_delay&quot;:&quot;default&quot;}\" >\n<div class=\"kt-pb-animation kt-pb-fadeIn kt-pb-duration-900 kt-pb-delay- panel-widget-style panel-widget-style-for-20-6-2-0\" >\n<div\n\t\t\t\n\t\t\tclass=\"so-widget-sow-editor so-widget-sow-editor-base\"\n\t\t\t\n\t\t><\/p>\n<div class=\"siteorigin-widget-tinymce textwidget\">\n<p><strong>Prozess- und produktbezogener<br \/>\nErfahrungsaustausch:<\/strong><\/p>\n<ul>\n<li>Durch den gezielten Austausch von Fertigungsdaten, Werkzeugtechnologien, Parametern f\u00fcr komplexe Prozesse und Operationen wird das mehrfache Durchlaufen von \u00abLernkurven\u00bb vermieden und somit Kosteneinsparungen erzielt.<\/li>\n<\/ul>\n<\/div>\n<\/div>\n<\/div>\n<\/div>\n<\/div>\n<\/div>\n<div id=\"pg-20-7\"  class=\"panel-grid panel-no-style\"  data-style=\"{&quot;full_height&quot;:&quot;&quot;,&quot;cell_alignment&quot;:&quot;flex-start&quot;,&quot;vertical_gutter&quot;:&quot;default&quot;,&quot;background_image&quot;:false,&quot;background_image_position&quot;:&quot;center center&quot;,&quot;background_image_style&quot;:&quot;parallax&quot;,&quot;row_separator&quot;:&quot;none&quot;}\" >\n<div id=\"pgc-20-7-0\"  class=\"panel-grid-cell\"  data-weight=\"1\" >\n<div id=\"panel-20-7-0-0\" class=\"so-panel widget widget_sow-editor panel-first-child panel-last-child\" data-index=\"12\" data-style=\"{&quot;padding&quot;:&quot;30% 0% 0% 0%&quot;,&quot;background_image_attachment&quot;:&quot;318&quot;,&quot;background_image_attachment_fallback&quot;:false,&quot;background_display&quot;:&quot;cover&quot;,&quot;background_image_size&quot;:&quot;full&quot;,&quot;background_image_opacity&quot;:&quot;100&quot;,&quot;border_thickness&quot;:&quot;1px&quot;,&quot;kt_animation_type&quot;:&quot;fadeIn&quot;,&quot;kt_animation_duration&quot;:&quot;default&quot;,&quot;kt_animation_delay&quot;:&quot;default&quot;}\" >\n<div class=\"kt-pb-animation kt-pb-fadeIn kt-pb-duration-900 kt-pb-delay- panel-widget-style panel-widget-style-for-20-7-0-0\" >\n<div\n\t\t\t\n\t\t\tclass=\"so-widget-sow-editor so-widget-sow-editor-base\"\n\t\t\t\n\t\t><\/p>\n<div class=\"siteorigin-widget-tinymce textwidget\">\n\t<\/div>\n<\/div>\n<\/div>\n<\/div>\n<\/div>\n<\/div>\n<\/div>\n","protected":false},"excerpt":{"rendered":"<p>&nbsp; Kundenspezifische Komplettl\u00f6sungen in Serienproduktion AMMANN Components bietet kundenspezifische Komplettl\u00f6sungen in Serienproduktion. Wir liefern einbaufertige mechanische Komponenten und Teilbaugruppen. Alles aus einer Hand W\u00e4rmebehandelt, einbaufertig bearbeitet, beschichtet, gepr\u00fcft und wenn gew\u00fcnscht montiert. Best\u00e4ndigkeit Unsere namhaften und langj\u00e4hrigen Kunden vertrauen auf &hellip; <a class=\"kt-excerpt-readmore\" href=\"https:\/\/www.ammann-components.com\/en\/system-supplier\/\" aria-label=\"System Supplier\">Read More<\/a><\/p>\n","protected":false},"author":1,"featured_media":0,"parent":0,"menu_order":0,"comment_status":"closed","ping_status":"closed","template":"","meta":{"kt_blocks_editor_width":"","_kad_blocks_custom_css":"","_kad_blocks_head_custom_js":"","_kad_blocks_body_custom_js":"","_kad_blocks_footer_custom_js":"","footnotes":""},"class_list":["post-2257","page","type-page","status-publish","hentry"],"aioseo_notices":[],"taxonomy_info":[],"featured_image_src_large":false,"author_info":{"display_name":"DC","author_link":"https:\/\/www.ammann-components.com\/en\/author\/admin-dc\/"},"comment_info":0,"_links":{"self":[{"href":"https:\/\/www.ammann-components.com\/en\/wp-json\/wp\/v2\/pages\/2257","targetHints":{"allow":["GET"]}}],"collection":[{"href":"https:\/\/www.ammann-components.com\/en\/wp-json\/wp\/v2\/pages"}],"about":[{"href":"https:\/\/www.ammann-components.com\/en\/wp-json\/wp\/v2\/types\/page"}],"author":[{"embeddable":true,"href":"https:\/\/www.ammann-components.com\/en\/wp-json\/wp\/v2\/users\/1"}],"replies":[{"embeddable":true,"href":"https:\/\/www.ammann-components.com\/en\/wp-json\/wp\/v2\/comments?post=2257"}],"version-history":[{"count":2,"href":"https:\/\/www.ammann-components.com\/en\/wp-json\/wp\/v2\/pages\/2257\/revisions"}],"predecessor-version":[{"id":2321,"href":"https:\/\/www.ammann-components.com\/en\/wp-json\/wp\/v2\/pages\/2257\/revisions\/2321"}],"wp:attachment":[{"href":"https:\/\/www.ammann-components.com\/en\/wp-json\/wp\/v2\/media?parent=2257"}],"curies":[{"name":"wp","href":"https:\/\/api.w.org\/{rel}","templated":true}]}}