{"id":2264,"date":"2020-03-16T11:49:58","date_gmt":"2020-03-16T10:49:58","guid":{"rendered":"https:\/\/www.ammann-components.com\/kontakt\/"},"modified":"2025-05-20T11:20:09","modified_gmt":"2025-05-20T09:20:09","slug":"contact","status":"publish","type":"page","link":"https:\/\/www.ammann-components.com\/en\/contact\/","title":{"rendered":"Contact"},"content":{"rendered":"<div class=\"row\"> <div class=\"col-md-4  \">\n<p>&nbsp;<\/p>\n<blockquote><p>Would you like to know whether or how we can realize your project?<\/p><\/blockquote>\n<h3>Your contact:<\/h3>\n<p><strong>Markus Halder<br \/>\n<\/strong>Head of Sales<\/p>\n<p>Phone +41 (0)71 666 87 84<br \/>\nFax +41 (0)71 666 87 88<\/p>\n<p>halder [at] ammann-components [dot] com<\/p>\n<\/div><div class=\"col-md-4  \">\n<p><img decoding=\"async\" class=\"kontakt-bild alignnone wp-image-225\" src=\"https:\/\/www.ammann-components.com\/wp-content\/uploads\/2017-08-23-M-Halder-Biography.jpg\" alt=\"\" width=\"337\" height=\"405\" srcset=\"https:\/\/www.ammann-components.com\/wp-content\/uploads\/2017-08-23-M-Halder-Biography.jpg 2025w, https:\/\/www.ammann-components.com\/wp-content\/uploads\/2017-08-23-M-Halder-Biography-249x300.jpg 249w, https:\/\/www.ammann-components.com\/wp-content\/uploads\/2017-08-23-M-Halder-Biography-851x1024.jpg 851w, https:\/\/www.ammann-components.com\/wp-content\/uploads\/2017-08-23-M-Halder-Biography-768x924.jpg 768w, https:\/\/www.ammann-components.com\/wp-content\/uploads\/2017-08-23-M-Halder-Biography-1276x1536.jpg 1276w, https:\/\/www.ammann-components.com\/wp-content\/uploads\/2017-08-23-M-Halder-Biography-1702x2048.jpg 1702w\" sizes=\"(max-width: 337px) 100vw, 337px\" \/><\/p>\n<\/div><div class=\"col-md-4  \">\n<p>&nbsp;<\/p>\n\n<div class=\"wpcf7 no-js\" id=\"wpcf7-f433-o1\" lang=\"de-DE\" dir=\"ltr\" data-wpcf7-id=\"433\">\n<div class=\"screen-reader-response\"><p role=\"status\" aria-live=\"polite\" aria-atomic=\"true\"><\/p> <ul><\/ul><\/div>\n<form action=\"\/en\/wp-json\/wp\/v2\/pages\/2264#wpcf7-f433-o1\" method=\"post\" class=\"wpcf7-form init wpcf7-acceptance-as-validation\" aria-label=\"Kontaktformular\" novalidate=\"novalidate\" data-status=\"init\">\n<fieldset class=\"hidden-fields-container\"><input type=\"hidden\" name=\"_wpcf7\" value=\"433\" \/><input type=\"hidden\" name=\"_wpcf7_version\" value=\"6.1.4\" \/><input type=\"hidden\" name=\"_wpcf7_locale\" value=\"de_DE\" \/><input type=\"hidden\" name=\"_wpcf7_unit_tag\" value=\"wpcf7-f433-o1\" \/><input type=\"hidden\" name=\"_wpcf7_container_post\" value=\"0\" \/><input type=\"hidden\" name=\"_wpcf7_posted_data_hash\" value=\"\" \/><input type=\"hidden\" name=\"_wpcf7_recaptcha_response\" value=\"\" \/>\n<\/fieldset>\n<p><span id=\"wpcf7-69d384cd5bbeb-wrapper\" class=\"wpcf7-form-control-wrap E-Mail-wrap\" style=\"display:none !important; visibility:hidden !important;\"><input type=\"hidden\" name=\"E-Mail-time-start\" value=\"1775469773\"><input type=\"hidden\" name=\"E-Mail-time-check\" value=\"4\"><label for=\"wpcf7-69d384cd5bbeb-field\" class=\"hp-message\">Bitte lasse dieses Feld leer.<\/label><input id=\"wpcf7-69d384cd5bbeb-field\"  class=\"wpcf7-form-control wpcf7-text\" type=\"text\" name=\"E-Mail\" value=\"\" size=\"40\" tabindex=\"-1\" autocomplete=\"new-password\" \/><\/span><span class=\"wpcf7-form-control-wrap\" data-name=\"the-name\"><input size=\"40\" maxlength=\"400\" class=\"wpcf7-form-control wpcf7-text wpcf7-validates-as-required\" aria-required=\"true\" aria-invalid=\"false\" placeholder=\"Name\" value=\"\" type=\"text\" name=\"the-name\" \/><\/span>\n<\/p>\n<p><span class=\"wpcf7-form-control-wrap\" data-name=\"the-email\"><input size=\"40\" maxlength=\"400\" class=\"wpcf7-form-control wpcf7-email wpcf7-validates-as-required wpcf7-text wpcf7-validates-as-email\" aria-required=\"true\" aria-invalid=\"false\" placeholder=\"E-Mail\" value=\"\" type=\"email\" name=\"the-email\" \/><\/span>\n<\/p>\n<p><span class=\"wpcf7-form-control-wrap\" data-name=\"the-telefon\"><input size=\"40\" maxlength=\"400\" class=\"wpcf7-form-control wpcf7-tel wpcf7-text wpcf7-validates-as-tel\" aria-invalid=\"false\" placeholder=\"Telefon (optional)\" value=\"\" type=\"tel\" name=\"the-telefon\" \/><\/span>\n<\/p>\n<p><span class=\"wpcf7-form-control-wrap\" data-name=\"the-message\"><textarea cols=\"40\" rows=\"10\" maxlength=\"2000\" class=\"wpcf7-form-control wpcf7-textarea\" aria-invalid=\"false\" name=\"the-message\">Sehr geehrter Herr Halder, \nbitte nehmen Sie Kontakt mit mir auf.<\/textarea><\/span><label>Datenschutz<span class=\"wpcf7-form-control-wrap\" data-name=\"DSGVO\"><span class=\"wpcf7-form-control wpcf7-acceptance\"><span class=\"wpcf7-list-item\"><label><input type=\"checkbox\" name=\"DSGVO\" value=\"1\" aria-invalid=\"false\" \/><span class=\"wpcf7-list-item-label\">akzeptieren.<\/span><\/label><\/span><\/span><\/span> <i><a href=\"\/datenschutz\/#kontaktformular\" target=\"_blank\"> (Datenschutz-Hinweise anzeigen)<\/a><\/i><i><span class=\"wpcf7-form-control-wrap kc_captcha gform-theme__disable-reset toggle\" style=\"display: none; margin-bottom:0px\"  data-name=\"kc_captcha\"> <span class=\"wpcf7-form-control wpcf7-cf7ic\"><span class=\"captcha-image cf7ic-style1\" style=\"border:none; display:inline-block; text-align:left; \"><span class=\"cf7ic_instructions\" style=\"display:inline-block; \">SPAM protection: Please select the <span style=\"font-weight:bold; \">das Herz<\/span>  <button tabindex=\"0\" class=\"ai1ic_screenreader\" aria-label=\"Screen Reader Anleitung: Bitte beweisen Sie, dass Sie Menschlicher sind, indem Sie den richtigen Ton aus den Radiotasten unten ausw\u00e4hlen, dr\u00fccken Sie jetzt die Eingabe- oder Leertaste, um diesen Ton zu h\u00f6ren, und fahren Sie dann mit den Optionsfeldern unten fort.\" title=\"Screen Reader Anleitung: Bitte beweisen Sie, dass Sie Menschlicher sind, indem Sie den richtigen Ton aus den Radiotasten unten ausw\u00e4hlen, dr\u00fccken Sie jetzt die Eingabe- oder Leertaste, um diesen Ton zu h\u00f6ren, und fahren Sie dann mit den Optionsfeldern unten fort.\"><svg xmlns=\"http:\/\/www.w3.org\/2000\/svg\" width=\"20\" height=\"20\" aria-hidden=\"true\" viewBox=\"0 0 512 512\"><path fill=\"black\" d=\"M256 48a208 208 0 110 416 208 208 0 010-416m0-40a248 248 0 100 496 248 248 0 000-496zm0 56a192 192 0 100 384 192 192 0 000-384zm0 44a36 36 0 110 72 36 36 0 010-72zm118 98c-29 7-56 13-82 16 0 101 12 123 25 155a18 18 0 11-34 14c-9-23-17-41-22-79h-10c-5 38-13 56-22 79a18 18 0 11-34-14c13-32 25-54 25-155-26-3-53-9-82-16a16 16 0 118-31c96 23 124 23 220 0a16 16 0 118 31z\"\/><\/svg><\/button><\/span><span class=\"cf7ic-icon-wrapper\" style=\"display:inline-block; \"><span class=\"cf7ic-sr-fs\" role=\"group\" aria-labelledby=\"cf7ic-captcha-legend\"><span class=\"cf7ic-sr-le\" id=\"cf7ic-captcha-legend\">SPAM protection: Please select the das Herz<\/span><label style=\"\"><input type=\"radio\" aria-label=\"Dr\u00fccken Sie P, um den Ton dieses Optionsfeldes abzuspielen.\" name=\"kc_captcha\" value=\"76d9f828ba46a7b051d9487cb9c5c8038b397d2e2d1866f4da11d4a0f66950ed\" \/>\n<svg width=\"1792\" height=\"1792\" viewBox=\"0 0 1792 1792\" xmlns=\"http:\/\/www.w3.org\/2000\/svg\"><path d=\"M832 512q0-80-56-136t-136-56-136 56-56 136q0 42 19 83-41-19-83-19-80 0-136 56t-56 136 56 136 136 56 136-56 56-136q0-42-19-83 41 19 83 19 80 0 136-56t56-136zm851 704q0 17-49 66t-66 49q-9 0-28.5-16t-36.5-33-38.5-40-24.5-26l-96 96 220 220q28 28 28 68 0 42-39 81t-81 39q-40 0-68-28l-671-671q-176 131-365 131-163 0-265.5-102.5t-102.5-265.5q0-160 95-313t248-248 313-95q163 0 265.5 102.5t102.5 265.5q0 189-131 365l355 355 96-96q-3-3-26-24.5t-40-38.5-33-36.5-16-28.5q0-17 49-66t66-49q13 0 23 10 6 6 46 44.5t82 79.5 86.5 86 73 78 28.5 41z\"\/><\/svg><span class=\"cf7ic-sr-le\">1<\/span><\/label><label style=\"\"><input type=\"radio\" aria-label=\"Dr\u00fccken Sie P, um den Ton dieses Optionsfeldes abzuspielen.\" name=\"kc_captcha\" value=\"081741a4b073456f5a90ed4e1504be46bf7a8e185327f4cc89142ee47e2226dc\" \/>\n<svg width=\"1792\" height=\"1792\" viewBox=\"0 0 1792 1792\" xmlns=\"http:\/\/www.w3.org\/2000\/svg\"><path d=\"M896 1664q-26 0-44-18l-624-602q-10-8-27.5-26t-55.5-65.5-68-97.5-53.5-121-23.5-138q0-220 127-344t351-124q62 0 126.5 21.5t120 58 95.5 68.5 76 68q36-36 76-68t95.5-68.5 120-58 126.5-21.5q224 0 351 124t127 344q0 221-229 450l-623 600q-18 18-44 18z\"\/><\/svg><span class=\"cf7ic-sr-le\">2<\/span><\/label><label style=\"\"><input type=\"radio\" aria-label=\"Dr\u00fccken Sie P, um den Ton dieses Optionsfeldes abzuspielen.\" name=\"kc_captcha\" value=\"353ce06182efc1c4046382453c230c8a000feff8cbe2a7310039cbad99be97af\" \/>\n<svg width=\"1792\" height=\"1792\" viewBox=\"0 0 1792 1792\" xmlns=\"http:\/\/www.w3.org\/2000\/svg\"><path d=\"M1568 160q44 52 12 148t-108 172l-161 161 160 696q5 19-12 33l-128 96q-7 6-19 6-4 0-7-1-15-3-21-16l-279-508-259 259 53 194q5 17-8 31l-96 96q-9 9-23 9h-2q-15-2-24-13l-189-252-252-189q-11-7-13-23-1-13 9-25l96-97q9-9 23-9 6 0 8 1l194 53 259-259-508-279q-14-8-17-24-2-16 9-27l128-128q14-13 30-8l665 159 160-160q76-76 172-108t148 12z\"\/><\/svg><span class=\"cf7ic-sr-le\">3<\/span><\/label><label style=\"\"><input type=\"radio\" aria-label=\"Dr\u00fccken Sie P, um den Ton dieses Optionsfeldes abzuspielen.\" name=\"kc_captcha\" value=\"a5501250e98ffbd148f3668d2712f5e0563832e78e12df7ef13be783de206291\" \/>\n<svg width=\"1792\" height=\"1792\" viewBox=\"0 0 1792 1792\" xmlns=\"http:\/\/www.w3.org\/2000\/svg\"><path d=\"M640 1408q0-52-38-90t-90-38-90 38-38 90 38 90 90 38 90-38 38-90zm-384-512h384v-256h-158q-13 0-22 9l-195 195q-9 9-9 22v30zm1280 512q0-52-38-90t-90-38-90 38-38 90 38 90 90 38 90-38 38-90zm256-1088v1024q0 15-4 26.5t-13.5 18.5-16.5 11.5-23.5 6-22.5 2-25.5 0-22.5-.5q0 106-75 181t-181 75-181-75-75-181h-384q0 106-75 181t-181 75-181-75-75-181h-64q-3 0-22.5.5t-25.5 0-22.5-2-23.5-6-16.5-11.5-13.5-18.5-4-26.5q0-26 19-45t45-19v-320q0-8-.5-35t0-38 2.5-34.5 6.5-37 14-30.5 22.5-30l198-198q19-19 50.5-32t58.5-13h160v-192q0-26 19-45t45-19h1024q26 0 45 19t19 45z\"\/><\/svg><span class=\"cf7ic-sr-le\">4<\/span><\/label><label style=\"\"><input type=\"radio\" aria-label=\"Dr\u00fccken Sie P, um den Ton dieses Optionsfeldes abzuspielen.\" name=\"kc_captcha\" value=\"77615e6881d96c688d2d8b5602c008621d3f6817e2a0e4230dad95a3220bda6c\" \/>\n<svg width=\"2048\" height=\"1792\" viewBox=\"0 0 2048 1792\" xmlns=\"http:\/\/www.w3.org\/2000\/svg\"><path d=\"M480 1088q0-66-47-113t-113-47-113 47-47 113 47 113 113 47 113-47 47-113zm36-320h1016l-89-357q-2-8-14-17.5t-21-9.5h-768q-9 0-21 9.5t-14 17.5zm1372 320q0-66-47-113t-113-47-113 47-47 113 47 113 113 47 113-47 47-113zm160-96v384q0 14-9 23t-23 9h-96v128q0 80-56 136t-136 56-136-56-56-136v-128h-1024v128q0 80-56 136t-136 56-136-56-56-136v-128h-96q-14 0-23-9t-9-23v-384q0-93 65.5-158.5t158.5-65.5h28l105-419q23-94 104-157.5t179-63.5h768q98 0 179 63.5t104 157.5l105 419h28q93 0 158.5 65.5t65.5 158.5z\"\/><\/svg><span class=\"cf7ic-sr-le\">5<\/span><\/label><\/span><span aria-hidden=\"true\" class=\"ai1ic-fields\">\r\n                     <input type=\"hidden\" name=\"cf7ic_exists\" value=\"true\"\/>\r\n                     <input type=\"hidden\" name=\"kc_key\" value=\"KDQ3VHUTMji5nUg52KDS\"><input type=\"text\" name=\"name-kc\" autocomplete=\"off\" tabindex=\"-1\" value=\"bsHFAvzlPD5rSecN5k8v\">\r\n                        <input type=\"text\" name=\"email-kc\" autocomplete=\"off\" tabindex=\"-1\" value=\"\"> \r\n                        <input type=\"text\" name=\"phone-kc\" autocomplete=\"off\" tabindex=\"-1\" value=\"\"> \r\n                        <input type=\"text\" name=\"kc_honeypot\" tabindex=\"-1\" value=\"\"><\/span><\/span> <\/span> <\/span> <\/span><input class=\"wpcf7-form-control wpcf7-submit has-spinner\" type=\"submit\" value=\"Senden\" \/><\/i><\/label>\n<\/p><div class=\"wpcf7-response-output\" aria-hidden=\"true\"><\/div>\n<\/form>\n<\/div>\n\n<\/div><\/div>\n<p>&nbsp;<\/p>\n<hr \/>\n<h1 id=\"anfahrt\">Directions<\/h1>\n<div class=\"row\"><\/div><div class=\"col-md-4  \">\n<a href=\"https:\/\/www.ammann-components.com\/wp-content\/uploads\/Werk_I_RB_7545.jpg\"><img decoding=\"async\" class=\"alignnone wp-image-1910 size-large\" src=\"https:\/\/www.ammann-components.com\/wp-content\/uploads\/Werk_I_RB_7545-1024x576.jpg\" alt=\"PLANT 1 \u2013 Oberstrasse 20, 8274 T\u00e4gerwilen\" width=\"1024\" height=\"576\" srcset=\"https:\/\/www.ammann-components.com\/wp-content\/uploads\/Werk_I_RB_7545-1024x576.jpg 1024w, https:\/\/www.ammann-components.com\/wp-content\/uploads\/Werk_I_RB_7545-300x169.jpg 300w, https:\/\/www.ammann-components.com\/wp-content\/uploads\/Werk_I_RB_7545-768x432.jpg 768w, https:\/\/www.ammann-components.com\/wp-content\/uploads\/Werk_I_RB_7545-1536x864.jpg 1536w, https:\/\/www.ammann-components.com\/wp-content\/uploads\/Werk_I_RB_7545.jpg 2000w\" sizes=\"(max-width: 1024px) 100vw, 1024px\" \/><\/a><\/p>\n<h5><b>PLANT 1<\/b> (Headquarters)<\/h5>\n<h5>Forming Technology \/ Machining Technology<\/h5>\n<p><a href=\"https:\/\/www.google.de\/maps\/place\/AMMANN+Components\/@47.6522462,9.0605832,12z\/data=!4m10!1m2!2m1!1sAMMANN+AG,+WERK+1,+Oberstrasse+20+Postfach+13+8274+T%C3%A4gerwilen+Schweiz!3m6!1s0x479af6bf26aefb45:0xd1f30359aca70913!8m2!3d47.6522462!4d9.1429806!15sCkZBTU1BTk4gQUcsIFdFUksgMSwgT2JlcnN0cmFzc2UgMjAgUG9zdGZhY2ggMTMgODI3NCBUw6RnZXJ3aWxlbiBTY2h3ZWl6kgEYbWV0YWxfcHJvY2Vzc2luZ19jb21wYW554AEA!16s%2Fg%2F1tf7fn0r?entry=ttu\" target=\"_blank\" rel=\"noopener\">Oberstrasse 20<br \/>\nP.O. Box 13<br \/>\n8274 T\u00e4gerwilen<br \/>\nSwitzerland<\/a><\/p>\n<p>Phone +41 (0)71 666 87 87<br \/>\nFax +41 (0)71 666 87 88<\/p>\n<p>info [at] ammann-components [dot] com<br \/>\n<a href=\"https:\/\/www.ammann-components.com\/en\/\">www.ammann-components.com<\/a><\/p>\n<\/div><div class=\"col-md-4  \"><\/div>\n<a href=\"https:\/\/www.ammann-components.com\/wp-content\/uploads\/Werk_II_IMG_0069.jpg\"><img decoding=\"async\" class=\"alignnone wp-image-1911 size-large\" src=\"https:\/\/www.ammann-components.com\/wp-content\/uploads\/Werk_II_IMG_0069-1024x576.jpg\" alt=\"PLANT 2 \u2013 Konstanzerstrasse 19, 8274 T\u00e4gerwilen\" width=\"1024\" height=\"576\" srcset=\"https:\/\/www.ammann-components.com\/wp-content\/uploads\/Werk_II_IMG_0069-1024x576.jpg 1024w, https:\/\/www.ammann-components.com\/wp-content\/uploads\/Werk_II_IMG_0069-300x169.jpg 300w, https:\/\/www.ammann-components.com\/wp-content\/uploads\/Werk_II_IMG_0069-768x432.jpg 768w, https:\/\/www.ammann-components.com\/wp-content\/uploads\/Werk_II_IMG_0069-1536x864.jpg 1536w, https:\/\/www.ammann-components.com\/wp-content\/uploads\/Werk_II_IMG_0069.jpg 2000w\" sizes=\"(max-width: 1024px) 100vw, 1024px\" \/><\/a><\/p>\n<h5><strong>PLANT 2<\/strong><\/h5>\n<h5>Welding Technology<\/h5>\n<p><a href=\"https:\/\/www.google.de\/maps\/place\/AMMANN+AG+Stahl-,+Metallbau+und+Schlosserei\/@47.6596823,9.0473878,12z\/data=!4m10!1m2!2m1!1sAMMANN+AG,+WERK+2,+Konstanzerstrasse+19+Postfach+13+8274+T%C3%A4gerwilen+Schweiz!3m6!1s0x479af698fb2d3e1f:0x5b58b49b8434c1e0!8m2!3d47.6596823!4d9.1297853!15sCkxBTU1BTk4gQUcsIFdFUksgMiwgS29uc3RhbnplcnN0cmFzc2UgMTkgUG9zdGZhY2ggMTMgODI3NCBUw6RnZXJ3aWxlbiBTY2h3ZWl6kgEac3RlZWxfY29uc3RydWN0aW9uX2NvbXBhbnngAQA!16s%2Fg%2F11fylkbyx0?entry=ttu\" target=\"_blank\" rel=\"noopener\">Konstanzerstrasse 19<br \/>\nP.O. Box 13<br \/>\n8274 T\u00e4gerwilen<br \/>\nSwitzerland<\/a\n\n<\/p>\n","protected":false},"excerpt":{"rendered":"<p>&nbsp; Directions PLANT 2 Welding Technology Konstanzerstrasse 19 P.O. Box 13 8274 T\u00e4gerwilen Switzerland<\/p>\n","protected":false},"author":1,"featured_media":0,"parent":0,"menu_order":0,"comment_status":"closed","ping_status":"closed","template":"","meta":{"kt_blocks_editor_width":"","_kad_blocks_custom_css":"","_kad_blocks_head_custom_js":"","_kad_blocks_body_custom_js":"","_kad_blocks_footer_custom_js":"","footnotes":""},"class_list":["post-2264","page","type-page","status-publish","hentry"],"aioseo_notices":[],"taxonomy_info":[],"featured_image_src_large":false,"author_info":{"display_name":"DC","author_link":"https:\/\/www.ammann-components.com\/en\/author\/admin-dc\/"},"comment_info":0,"_links":{"self":[{"href":"https:\/\/www.ammann-components.com\/en\/wp-json\/wp\/v2\/pages\/2264","targetHints":{"allow":["GET"]}}],"collection":[{"href":"https:\/\/www.ammann-components.com\/en\/wp-json\/wp\/v2\/pages"}],"about":[{"href":"https:\/\/www.ammann-components.com\/en\/wp-json\/wp\/v2\/types\/page"}],"author":[{"embeddable":true,"href":"https:\/\/www.ammann-components.com\/en\/wp-json\/wp\/v2\/users\/1"}],"replies":[{"embeddable":true,"href":"https:\/\/www.ammann-components.com\/en\/wp-json\/wp\/v2\/comments?post=2264"}],"version-history":[{"count":2,"href":"https:\/\/www.ammann-components.com\/en\/wp-json\/wp\/v2\/pages\/2264\/revisions"}],"predecessor-version":[{"id":2280,"href":"https:\/\/www.ammann-components.com\/en\/wp-json\/wp\/v2\/pages\/2264\/revisions\/2280"}],"wp:attachment":[{"href":"https:\/\/www.ammann-components.com\/en\/wp-json\/wp\/v2\/media?parent=2264"}],"curies":[{"name":"wp","href":"https:\/\/api.w.org\/{rel}","templated":true}]}}